{"id":8,"date":"2020-11-12T19:05:40","date_gmt":"2020-11-12T19:05:40","guid":{"rendered":"https:\/\/zagrajmywszachy.pl\/index.php\/home\/"},"modified":"2021-08-10T18:39:01","modified_gmt":"2021-08-10T18:39:01","slug":"home","status":"publish","type":"page","link":"https:\/\/zagrajmywszachy.pl\/index.php\/home\/","title":{"rendered":"Cze\u015b\u0107!"},"content":{"rendered":"\n<div class=\"wp-block-image\"><figure class=\"aligncenter size-large is-resized\"><img decoding=\"async\" src=\"https:\/\/zagrajmywszachy.pl\/wp-content\/uploads\/2020\/11\/118409213_998444317254645_7615957740466659918_o-1-768x1024.jpg\" alt=\"\" class=\"wp-image-121\" width=\"326\" height=\"434\" srcset=\"https:\/\/zagrajmywszachy.pl\/wp-content\/uploads\/2020\/11\/118409213_998444317254645_7615957740466659918_o-1-768x1024.jpg 768w, https:\/\/zagrajmywszachy.pl\/wp-content\/uploads\/2020\/11\/118409213_998444317254645_7615957740466659918_o-1-225x300.jpg 225w, https:\/\/zagrajmywszachy.pl\/wp-content\/uploads\/2020\/11\/118409213_998444317254645_7615957740466659918_o-1-1152x1536.jpg 1152w, https:\/\/zagrajmywszachy.pl\/wp-content\/uploads\/2020\/11\/118409213_998444317254645_7615957740466659918_o-1.jpg 1368w\" sizes=\"(max-width: 326px) 100vw, 326px\" \/><\/figure><\/div>\n\n\n\n<p class=\"has-text-align-center\">Z tej strony Mariusz. Jestem licencjonowanym instruktorem Polskiego Zwi\u0105zku Szachowego oraz s\u0119dzi\u0105 szachowym I klasy. Posiadam tytu\u0142 kandydata na mistrza oraz mi\u0119dzynarodowy ranking FIDE 2119.<br><br>Moja przygoda instruktora szachowego zacz\u0119\u0142a si\u0119 w 2013 roku. Prowadz\u0105c zaj\u0119cia indywidualne, pomaga\u0142em uczniom osi\u0105ga\u0107 ich pierwsze sukcesy turniejowe. Ju\u017c rok p\u00f3\u017aniej, bo w 2014 roku przy wsp\u00f3\u0142pracy z zaprzyja\u017anion\u0105 firm\u0105 zacz\u0105\u0142em prowadzi\u0107 zaj\u0119cia <br>w przedszkolach oraz szko\u0142ach na terenie Warszawy i okolic. Od tego czasu z pasj\u0105 (i ogromn\u0105 przyjemno\u015bci\u0105!) uczy\u0142em dzieci gra\u0107 w szachy. Pokazuj\u0105c im \u015bwiat zaczarowanych figurek <br>i zara\u017caj\u0105c pasj\u0105 do tej pi\u0119knej gry. Chc\u0105c lepiej zrozumie\u0107 dzieci\u0119cy \u015bwiat i m\u00f3c dalej rozwija\u0107 si\u0119 w tym kierunku, podj\u0105\u0142em studia w Akademii Pedagogiki Specjalnej <br>im. Marii Grzegorzewskiej w Warszawie na kierunku pedagogika og\u00f3lna <br>(specjalizacja: wychowanie przedszkolne z edukacj\u0105 wczesnoszkoln\u0105). <br>W  2020 roku obroni\u0142em prac\u0119 licencjack\u0105 o znaczeniu gry w szachy <br>dla rozwoju dzieci w wieku 3-6 lat.<\/p>\n\n\n\n<p class=\"has-text-align-center\">We wrze\u015bniu 2019 za\u0142o\u017cy\u0142em w\u0142asn\u0105 szko\u0142\u0119 szachow\u0105 &#8211; Pomys\u0141owcy. Miejsce, w kt\u00f3rym ka\u017cdy ma mo\u017cliwo\u015b\u0107 rozwin\u0105\u0107 swoje skrzyd\u0142a i powi\u0119kszy\u0107 kompetencje w atmosferze pe\u0142nej \u017cyczliwo\u015bci oraz zaufania, a by\u0107 mo\u017ce nawet odnale\u017a\u0107 w szachach pasj\u0119 kt\u00f3ra pozostanie <br>z nim na d\u0142ugie lata&#8230; \ud83d\ude42<\/p>\n\n\n\n<p class=\"has-text-align-center\">Je\u015bli chcesz dowiedzie\u0107 si\u0119 o mnie wi\u0119cej, zapraszam Ci\u0119 tak\u017ce do odwiedzenia mojej strony na Facebooku &#8211; znajdziesz tam wszelkie aktualno\u015bci, newsy i zdj\u0119cia!<a href=\"\"><\/a><\/p>\n\n\n\n<ul class=\"wp-block-social-links aligncenter is-layout-flex wp-block-social-links-is-layout-flex\"><li class=\"wp-social-link wp-social-link-facebook  wp-block-social-link\"><a href=\"https:\/\/www.facebook.com\/pomyslowcy\" class=\"wp-block-social-link-anchor\"><svg width=\"24\" height=\"24\" viewBox=\"0 0 24 24\" version=\"1.1\" xmlns=\"http:\/\/www.w3.org\/2000\/svg\" aria-hidden=\"true\" focusable=\"false\"><path d=\"M12 2C6.5 2 2 6.5 2 12c0 5 3.7 9.1 8.4 9.9v-7H7.9V12h2.5V9.8c0-2.5 1.5-3.9 3.8-3.9 1.1 0 2.2.2 2.2.2v2.5h-1.3c-1.2 0-1.6.8-1.6 1.6V12h2.8l-.4 2.9h-2.3v7C18.3 21.1 22 17 22 12c0-5.5-4.5-10-10-10z\"><\/path><\/svg><span class=\"wp-block-social-link-label screen-reader-text\">Facebook<\/span><\/a><\/li>\n\n\n\n\n\n\n\n<\/ul>\n\n\n\n<p><\/p>\n\n\n\n<p class=\"has-text-align-center\"> <\/p>\n","protected":false},"excerpt":{"rendered":"<p>Z tej strony Mariusz. Jestem licencjonowanym instruktorem Polskiego Zwi\u0105zku Szachowego oraz s\u0119dzi\u0105 szachowym I klasy. Posiadam tytu\u0142 kandydata na mistrza oraz mi\u0119dzynarodowy ranking FIDE 2119. Moja przygoda instruktora szachowego zacz\u0119\u0142a si\u0119 w 2013 roku. Prowadz\u0105c zaj\u0119cia indywidualne, pomaga\u0142em uczniom osi\u0105ga\u0107 ich pierwsze sukcesy turniejowe. Ju\u017c rok p\u00f3\u017aniej, bo w 2014 [&hellip;]<\/p>\n","protected":false},"author":1,"featured_media":0,"parent":0,"menu_order":0,"comment_status":"closed","ping_status":"closed","template":"","meta":{"_themeisle_gutenberg_block_has_review":false,"footnotes":""},"class_list":["post-8","page","type-page","status-publish","hentry"],"_links":{"self":[{"href":"https:\/\/zagrajmywszachy.pl\/index.php\/wp-json\/wp\/v2\/pages\/8","targetHints":{"allow":["GET"]}}],"collection":[{"href":"https:\/\/zagrajmywszachy.pl\/index.php\/wp-json\/wp\/v2\/pages"}],"about":[{"href":"https:\/\/zagrajmywszachy.pl\/index.php\/wp-json\/wp\/v2\/types\/page"}],"author":[{"embeddable":true,"href":"https:\/\/zagrajmywszachy.pl\/index.php\/wp-json\/wp\/v2\/users\/1"}],"replies":[{"embeddable":true,"href":"https:\/\/zagrajmywszachy.pl\/index.php\/wp-json\/wp\/v2\/comments?post=8"}],"version-history":[{"count":8,"href":"https:\/\/zagrajmywszachy.pl\/index.php\/wp-json\/wp\/v2\/pages\/8\/revisions"}],"predecessor-version":[{"id":365,"href":"https:\/\/zagrajmywszachy.pl\/index.php\/wp-json\/wp\/v2\/pages\/8\/revisions\/365"}],"wp:attachment":[{"href":"https:\/\/zagrajmywszachy.pl\/index.php\/wp-json\/wp\/v2\/media?parent=8"}],"curies":[{"name":"wp","href":"https:\/\/api.w.org\/{rel}","templated":true}]}}